{"id":122,"date":"2023-10-10T11:38:24","date_gmt":"2023-10-10T15:38:24","guid":{"rendered":"http:\/\/web03.tifm.gob.ve\/?page_id=122"},"modified":"2024-02-05T17:05:43","modified_gmt":"2024-02-05T21:05:43","slug":"secretaria-de-prevencion-y-seguridad-ciudadana","status":"publish","type":"page","link":"https:\/\/www.tifm.gob.ve\/?page_id=122","title":{"rendered":"Secretar\u00eda de Prevenci\u00f3n y Seguridad Ciudadana"},"content":{"rendered":"\n<p class=\"has-text-align-left\"><strong>OBJETIVO<\/strong><\/p>\n\n\n\n<div class=\"wp-block-columns are-vertically-aligned-center is-layout-flex wp-container-core-columns-is-layout-9d6595d7 wp-block-columns-is-layout-flex\">\n<div class=\"wp-block-column is-vertically-aligned-center is-layout-flow wp-block-column-is-layout-flow\" style=\"flex-basis:33.33%\">\n<figure class=\"wp-block-image alignwide size-large\"><img decoding=\"async\" src=\"https:\/\/www.tifm.gob.ve\/wp-content\/uploads\/2023\/10\/spsc.jpg\" alt=\"\"\/><\/figure>\n<\/div>\n\n\n\n<div class=\"wp-block-column is-vertically-aligned-center is-layout-flow wp-block-column-is-layout-flow\" style=\"flex-basis:600px\">\n<p style=\"text-align: justify;\">Integraci\u00f3n de la Comunidad con los diferentes Cuerpos o Instancias que tienen como prop\u00f3sito la prevenci\u00f3n de desastres y la seguridad ciudadana en el Territorio Insular Francisco de Miranda en la b\u00fasqueda por minimizar la concurrencia de hechos delictivos y de riesgos que menoscaben la calidad de vida, el bienestar y la paz de esa colectividad y visitantes.<\/p>\n<\/div>\n<\/div>\n\n\n\n<p><strong>FUNCIONES<\/strong><\/p>\n\n\n\n<div class=\"wp-block-columns is-layout-flex wp-container-core-columns-is-layout-9d6595d7 wp-block-columns-is-layout-flex\">\n<div class=\"wp-block-column is-layout-flow wp-block-column-is-layout-flow\">\n<ol>\n<li style=\"text-align: justify;\">Ejecutar las pol\u00edticas p\u00fablicas de prevenci\u00f3n, seguridad y desarrollo integral que hayan sido dictadas por el Ejecutivo Nacional para los espacios que integran el Territorio Insular Francisco de Miranda.<\/li>\n<li style=\"text-align: justify;\">Coadyuvar con la Fuerza Armada Nacional Bolivariana, los \u00f3rganos y entes competentes en la ejecuci\u00f3n de los planes de Seguridad y Defensa Integral en los espacios del Territorio Insular Francisco de Miranda.<\/li>\n<li style=\"text-align: justify;\">Coadyuvar con los \u00f3rganos y entes competentes en la implementaci\u00f3n de pol\u00edticas p\u00fablicas relativas a la prevenci\u00f3n, seguridad ciudadana, sanitaria, de tr\u00e1nsito mar\u00edtimo y a\u00e9reo, y conservaci\u00f3n de espacios protegidos.<\/li>\n<li style=\"text-align: justify;\">Recomendar las pol\u00edticas de Estado en materia de prevenci\u00f3n y seguridad de la comunidad, estableciendo planes de responsabilidad entre los diferentes organismos de seguridad comprometidos.<\/li>\n<li style=\"text-align: justify;\">Elaborar y mantener actualizado el plan integral sobre seguridad, convivencia ciudadana y prevenci\u00f3n del delito, conforme a las pol\u00edticas impartidas por el Ejecutivo Nacional a la Jefa o Jefe de Gobierno.<\/li>\n<li style=\"text-align: justify;\">Adaptar y disponer medidas tendentes a satisfacer las necesidades de los diferentes \u00f3rganos con competencia en materia de investigaci\u00f3n penal.<\/li>\n<li style=\"text-align: justify;\">Establecer y adaptar mecanismos de revisi\u00f3n interna, tendentes a evaluar, controlar y mejorar la prestaci\u00f3n de los servicios para la seguridad ciudadana, convivencia, prevenci\u00f3n del delito, protecci\u00f3n civil y administraci\u00f3n de desastres.<\/li>\n<li style=\"text-align: justify;\">Promover, apoyar y coordinar la participaci\u00f3n de la comunidad en los programas de prevenci\u00f3n del delito, prevenci\u00f3n y combate de incendios, protecci\u00f3n civil y administraci\u00f3n de desastres, la prevenci\u00f3n y lucha contra el narcotr\u00e1fico.<\/li>\n<\/ol>\n<\/div>\n\n\n\n<div class=\"wp-block-column is-layout-flow wp-block-column-is-layout-flow\">\n<p><\/p>\n<ol class=\"wp-block-list\" start=\"9\">\n<li>Coadyuvar con los \u00f3rganos y entes que integran el sistema nacional de inteligencia y contrainteligencia, en el marco de las actividades e informaciones que le sean solicitadas.<\/li>\n \n<li>Garantizar en la circunscripci\u00f3n del Territorio Insular Francisco de Miranda, el cumplimiento de la Constituci\u00f3n, leyes y dem\u00e1s instrumentos normativos que tiendan a preservar la moralidad, conducta c\u00edvica, prevenci\u00f3n del delito y uso il\u00edcito de drogas; as\u00ed como, el orden p\u00fablico y protecci\u00f3n de las v\u00edctimas.<\/li>\n \n<li>Definir y aprobar, conforme a las directrices emanadas del Comit\u00e9 Coordinador Nacional de Protecci\u00f3n Civil y Administraci\u00f3n de Desastres, los planes regionales de protecci\u00f3n civil, preparaci\u00f3n y atenci\u00f3n de desastres.<\/li>\n \n<li>Contribuir con recursos funcionales y operacionales para los servicios de prevenci\u00f3n y extinci\u00f3n de incendios, y de b\u00fasqueda y salvamento existentes en las \u00e1reas geogr\u00e1ficas de su responsabilidad.<\/li>\n \n<li>La promoci\u00f3n y desarrollo de la autoprotecci\u00f3n ciudadana.<\/li>\n \n<li>Dise\u00f1ar y desarrollar programas educativos y de capacitaci\u00f3n de las comunidades en gesti\u00f3n local de riesgo y protecci\u00f3n civil.<\/li>\n \n<li>La promoci\u00f3n y apoyo funcional en el desarrollo y mantenimiento en la capacitaci\u00f3n y profesionalizaci\u00f3n del personal de los servicios relacionados con la Protecci\u00f3n Civil y Administraci\u00f3n de Desastres.<\/li>\n \n<li>Las dem\u00e1s atribuciones que le confieren las leyes, reglamentos, decretos, resoluciones y otros actos administrativos en las materias de su competencia o que instruya el Jefe o Jefa de Gobierno y\/o el Secretario o Secretaria General.<\/li>\n<\/ol>\n<p style=\"text-align: justify;\"><\/p>\n<\/div>\n<\/div>\n","protected":false},"excerpt":{"rendered":"<p>OBJETIVO Integraci\u00f3n de la Comunidad con los diferentes Cuerpos o Instancias que tienen como prop\u00f3sito la prevenci\u00f3n de desastres y la seguridad ciudadana en el Territorio Insular Francisco de Miranda en la b\u00fasqueda por minimizar la concurrencia de hechos delictivos y de riesgos que menoscaben la calidad de vida, el bienestar y la paz de [&hellip;]<\/p>\n","protected":false},"author":1,"featured_media":0,"parent":0,"menu_order":0,"comment_status":"closed","ping_status":"closed","template":"","meta":{"footnotes":""},"class_list":["post-122","page","type-page","status-publish","hentry"],"_links":{"self":[{"href":"https:\/\/www.tifm.gob.ve\/index.php?rest_route=\/wp\/v2\/pages\/122","targetHints":{"allow":["GET"]}}],"collection":[{"href":"https:\/\/www.tifm.gob.ve\/index.php?rest_route=\/wp\/v2\/pages"}],"about":[{"href":"https:\/\/www.tifm.gob.ve\/index.php?rest_route=\/wp\/v2\/types\/page"}],"author":[{"embeddable":true,"href":"https:\/\/www.tifm.gob.ve\/index.php?rest_route=\/wp\/v2\/users\/1"}],"replies":[{"embeddable":true,"href":"https:\/\/www.tifm.gob.ve\/index.php?rest_route=%2Fwp%2Fv2%2Fcomments&post=122"}],"version-history":[{"count":17,"href":"https:\/\/www.tifm.gob.ve\/index.php?rest_route=\/wp\/v2\/pages\/122\/revisions"}],"predecessor-version":[{"id":1527,"href":"https:\/\/www.tifm.gob.ve\/index.php?rest_route=\/wp\/v2\/pages\/122\/revisions\/1527"}],"wp:attachment":[{"href":"https:\/\/www.tifm.gob.ve\/index.php?rest_route=%2Fwp%2Fv2%2Fmedia&parent=122"}],"curies":[{"name":"wp","href":"https:\/\/api.w.org\/{rel}","templated":true}]}}