{"id":116,"date":"2023-10-10T11:37:26","date_gmt":"2023-10-10T15:37:26","guid":{"rendered":"http:\/\/web03.tifm.gob.ve\/?page_id=116"},"modified":"2024-02-06T09:11:58","modified_gmt":"2024-02-06T13:11:58","slug":"secretaria-de-salud","status":"publish","type":"page","link":"https:\/\/www.tifm.gob.ve\/?page_id=116","title":{"rendered":"Secretar\u00eda de Salud"},"content":{"rendered":"\n<p><strong>OBJETIVO<\/strong><\/p>\n\n\n\n<div class=\"wp-block-columns is-layout-flex wp-container-core-columns-is-layout-9d6595d7 wp-block-columns-is-layout-flex\">\n<div class=\"wp-block-column is-layout-flow wp-block-column-is-layout-flow\">\n<p style=\"text-align: justify;\">Conocer, evaluar y orientar el sistema de seguridad social en salud, mediante la formulaci\u00f3n de pol\u00edticas, planes y programas, la coordinaci\u00f3n intersectorial y la articulaci\u00f3n de actores del sector con el fin de mejorar la calidad, oportunidad y accesibilidad de los servicios de salud a la poblaci\u00f3n y visitantes del Territorio Insular Francisco de Miranda.<\/p>\n<\/div>\n\n\n\n<div class=\"wp-block-column is-layout-flow wp-block-column-is-layout-flow\"><div class=\"wp-block-image\">\n<figure class=\"aligncenter size-full is-resized\"><img loading=\"lazy\" decoding=\"async\" width=\"605\" height=\"584\" src=\"https:\/\/www.tifm.gob.ve\/wp-content\/uploads\/2024\/02\/salud.png\" alt=\"\" class=\"wp-image-1543\" style=\"width:238px;height:auto\" srcset=\"https:\/\/www.tifm.gob.ve\/\/wp-content\/uploads\/2024\/02\/salud.png 605w, https:\/\/www.tifm.gob.ve\/\/wp-content\/uploads\/2024\/02\/salud-300x290.png 300w\" sizes=\"auto, (max-width: 605px) 100vw, 605px\" \/><\/figure>\n<\/div><\/div>\n<\/div>\n\n\n\n<p><strong>FUNCIONES<\/strong><\/p>\n\n\n\n<div class=\"wp-block-columns is-layout-flex wp-container-core-columns-is-layout-9d6595d7 wp-block-columns-is-layout-flex\">\n<div class=\"wp-block-column is-layout-flow wp-block-column-is-layout-flow\">\n<p><\/p>\n\n\n\n<ol>\n<li>Formular, ejecutar y evaluar las pol\u00edticas, estrategias, planes, programas y proyectos del sector salud y del Sistema General de Seguridad Social en Salud en el Territorio Insular Francisco de Miranda.<\/li>\n<li>Vigilar y controlar el cumplimiento de las pol\u00edticas y normas t\u00e9cnicas, cient\u00edficas y administrativas que expida el Ministerio del Poder Popular para la Salud, para garantizar el logro de las metas del sector salud y del Sistema General de Seguridad Social en Salud, sin perjuicio de las funciones de inspecci\u00f3n, vigilancia y control atribuidas a las dem\u00e1s autoridades competentes.<\/li>\n<li>Gestionar y prestar los servicios de salud prioritariamente a trav\u00e9s de su red adscrita, de manera oportuna, eficiente y con calidad a la poblaci\u00f3n.<\/li>\n<li>Realizar las funciones de inspecci\u00f3n, vigilancia y control en salud p\u00fablica, aseguramiento y prestaci\u00f3n del servicio de salud.<\/li>\n<li style=\"text-align: justify;\">Formular y ejecutar el plan de atenci\u00f3n b\u00e1sica y coordinar con los sectores y la comunidad las acciones que en salud p\u00fablica se realicen para mejorar las condiciones de calidad de vida y salud de la poblaci\u00f3n.<\/li>\n<\/ol>\n<\/div>\n\n\n\n<div class=\"wp-block-column is-layout-flow wp-block-column-is-layout-flow\">\n<p><\/p>\n<ol class=\"wp-block-list\" start=\"6\">\n<li>Promover el aseguramiento de toda la poblaci\u00f3n con \u00e9nfasis en la poblaci\u00f3n m\u00e1s pobre y vulnerable, al Sistema de Seguridad Social en salud de acuerdo con lo establecido en el ordenamiento jur\u00eddico nacional.<\/li>\n \n<li>Mantener actualizadas las bases de datos de la poblaci\u00f3n afiliada al r\u00e9gimen de salud de la regi\u00f3n.<\/li>\n \n<li>Definir, vigilar y controlar la oferta de servicios de salud en el Territorio Insular, con el fin de garantizar su calidad y funcionamiento seg\u00fan las necesidades de la poblaci\u00f3n.<\/li>\n \n<li>Promover el aseguramiento de las poblaciones especiales.<\/li>\n \n<li>Promover la coordinaci\u00f3n de pol\u00edticas con otros sectores, en particular h\u00e1bitat, educaci\u00f3n, planificaci\u00f3n y ambiente, para incidir de manera integral en los determinantes de la salud y en la atenci\u00f3n de la enfermedad.<\/li>\n \n<li>Implementar programas de prevenci\u00f3n del consumo del alcohol, del tabaco y otras drogas y de rehabilitaci\u00f3n y desintoxicaci\u00f3n.<\/li>\n<\/ol>\n<p><\/p>\n<\/div>\n<\/div>\n","protected":false},"excerpt":{"rendered":"<p>OBJETIVO Conocer, evaluar y orientar el sistema de seguridad social en salud, mediante la formulaci\u00f3n de pol\u00edticas, planes y programas, la coordinaci\u00f3n intersectorial y la articulaci\u00f3n de actores del sector con el fin de mejorar la calidad, oportunidad y accesibilidad de los servicios de salud a la poblaci\u00f3n y visitantes del Territorio Insular Francisco de [&hellip;]<\/p>\n","protected":false},"author":1,"featured_media":0,"parent":0,"menu_order":0,"comment_status":"closed","ping_status":"closed","template":"","meta":{"footnotes":""},"class_list":["post-116","page","type-page","status-publish","hentry"],"_links":{"self":[{"href":"https:\/\/www.tifm.gob.ve\/index.php?rest_route=\/wp\/v2\/pages\/116","targetHints":{"allow":["GET"]}}],"collection":[{"href":"https:\/\/www.tifm.gob.ve\/index.php?rest_route=\/wp\/v2\/pages"}],"about":[{"href":"https:\/\/www.tifm.gob.ve\/index.php?rest_route=\/wp\/v2\/types\/page"}],"author":[{"embeddable":true,"href":"https:\/\/www.tifm.gob.ve\/index.php?rest_route=\/wp\/v2\/users\/1"}],"replies":[{"embeddable":true,"href":"https:\/\/www.tifm.gob.ve\/index.php?rest_route=%2Fwp%2Fv2%2Fcomments&post=116"}],"version-history":[{"count":9,"href":"https:\/\/www.tifm.gob.ve\/index.php?rest_route=\/wp\/v2\/pages\/116\/revisions"}],"predecessor-version":[{"id":1546,"href":"https:\/\/www.tifm.gob.ve\/index.php?rest_route=\/wp\/v2\/pages\/116\/revisions\/1546"}],"wp:attachment":[{"href":"https:\/\/www.tifm.gob.ve\/index.php?rest_route=%2Fwp%2Fv2%2Fmedia&parent=116"}],"curies":[{"name":"wp","href":"https:\/\/api.w.org\/{rel}","templated":true}]}}